{"id":21422,"date":"2025-12-26T10:27:14","date_gmt":"2025-12-26T07:27:14","guid":{"rendered":"https:\/\/bddbogazicidis.com.tr\/doktora-sor\/"},"modified":"2026-01-12T14:42:39","modified_gmt":"2026-01-12T11:42:39","slug":"ask-the-doctor","status":"publish","type":"page","link":"https:\/\/bddbogazicidis.com.tr\/en\/ask-the-doctor\/","title":{"rendered":"Ask the Doctor"},"content":{"rendered":"\t\t<div data-elementor-type=\"wp-page\" data-elementor-id=\"21422\" class=\"elementor elementor-21422 elementor-16770\" data-elementor-post-type=\"page\">\n\t\t\t\t<div class=\"elementor-element elementor-element-43dbf31 e-flex e-con-boxed e-con e-parent \" data-id=\"43dbf31\" data-element_type=\"container\" data-e-type=\"container\">\t\t\t<div class=\"e-con-inner\">\r\n\t\t<div class=\"elementor-element elementor-element-29fba1d e-con-full e-flex e-con e-child \" data-id=\"29fba1d\" data-element_type=\"container\" data-e-type=\"container\"><div class=\"elementor-element elementor-element-7b00e85 e-flex e-con-boxed e-con e-child \" data-id=\"7b00e85\" data-element_type=\"container\" data-e-type=\"container\" data-settings=\"{&quot;background_background&quot;:&quot;classic&quot;}\">\t\t\t<div class=\"e-con-inner\">\r\n\t\t<div class=\"elementor-element elementor-element-7f1b884 e-con-full e-flex e-con e-child \" data-id=\"7f1b884\" data-element_type=\"container\" data-e-type=\"container\">\t\t<div class=\"elementor-element elementor-element-3d70067 elementor-widget elementor-widget-heading\" data-id=\"3d70067\" data-element_type=\"widget\" data-e-type=\"widget\" data-widget_type=\"heading.default\">\n\t\t\t\t<div class=\"elementor-widget-container\">\n\t\t\t\t\t<h5 class=\"elementor-heading-title elementor-size-default\">Ask the Doctor<\/h5>\t\t\t\t<\/div>\n\t\t\t\t<\/div>\n\t\t\t\t<div class=\"elementor-element elementor-element-9ecce3b elementor-widget elementor-widget-heading\" data-id=\"9ecce3b\" data-element_type=\"widget\" data-e-type=\"widget\" data-widget_type=\"heading.default\">\n\t\t\t\t<div class=\"elementor-widget-container\">\n\t\t\t\t\t<h3 class=\"elementor-heading-title elementor-size-default\">Ask Our Specialist Dentists<\/h3>\t\t\t\t<\/div>\n\t\t\t\t<\/div>\n\t\t\t\t<div class=\"elementor-element elementor-element-aa3d8c1 elementor-widget__width-inherit elementor-widget elementor-widget-pxl_text_editor\" data-id=\"aa3d8c1\" data-element_type=\"widget\" data-e-type=\"widget\" data-widget_type=\"pxl_text_editor.default\">\n\t\t\t\t<div class=\"elementor-widget-container\">\n\t\t\t\t\t<div class=\"pxl-text-editor\">\n\t<div class=\"pxl-item--inner  \" data-wow-delay=\"ms\">\n\t\t<p data-start=\"970\" data-end=\"1102\">You can consult with our specialist dentists about any questions regarding your oral and dental health. Your questions are treated confidentially and we will respond to you as soon as possible.<\/p>\t\t\n\t<\/div>\n<\/div>\t\t\t\t<\/div>\n\t\t\t\t<\/div>\n\t\t\t\t<div class=\"elementor-element elementor-element-49104ef elementor-widget elementor-widget-shortcode\" data-id=\"49104ef\" data-element_type=\"widget\" data-e-type=\"widget\" data-widget_type=\"shortcode.default\">\n\t\t\t\t<div class=\"elementor-widget-container\">\n\t\t\t\t\t\t\t<div class=\"elementor-shortcode\"><div class=\"forminator-ui forminator-custom-form forminator-custom-form-24464 forminator-design--flat  forminator_ajax\" data-forminator-render=\"0\" data-form=\"forminator-module-24464\" data-uid=\"6a07e1ed6fb5f\"><br\/><\/div><form\n\t\t\t\tid=\"forminator-module-24464\"\n\t\t\t\tclass=\"forminator-ui forminator-custom-form forminator-custom-form-24464 forminator-design--flat  forminator_ajax\"\n\t\t\t\tmethod=\"post\"\n\t\t\t\tdata-forminator-render=\"0\"\n\t\t\t\tdata-form-id=\"24464\"\n\t\t\t\tenctype=\"multipart\/form-data\" data-color-option=\"theme\" data-design=\"flat\" data-grid=\"open\" style=\"display: none;\"\n\t\t\t\tdata-uid=\"6a07e1ed6fb5f\"\n\t\t\t><div role=\"alert\" aria-live=\"polite\" class=\"forminator-response-message forminator-error\" aria-hidden=\"true\"><\/div><div class=\"forminator-row\"><div id=\"text-1\" class=\"forminator-field-text forminator-col forminator-col-4 \"><div class=\"forminator-field\"><label for=\"forminator-field-text-1_6a07e1ed6fb5f\" id=\"forminator-field-text-1_6a07e1ed6fb5f-label\" class=\"forminator-label\">Ad Soyad <span class=\"forminator-required\">*<\/span><\/label><input type=\"text\" name=\"text-1\" value=\"\" placeholder=\"Full Name:\" id=\"forminator-field-text-1_6a07e1ed6fb5f\" class=\"forminator-input forminator-name--field\" data-required=\"1\" \/><\/div><\/div><div id=\"phone-1\" class=\"forminator-field-phone forminator-col forminator-col-4 \"><div class=\"forminator-field\"><label for=\"forminator-field-phone-1_6a07e1ed6fb5f\" id=\"forminator-field-phone-1_6a07e1ed6fb5f-label\" class=\"forminator-label\">Telefon<\/label><input type=\"text\" name=\"phone-1\" value=\"\" placeholder=\"Phone:\" id=\"forminator-field-phone-1_6a07e1ed6fb5f\" class=\"forminator-input forminator-field--phone\" data-required=\"\" aria-required=\"false\" autocomplete=\"off\" data-national_mode=\"disabled\" data-country=\"US\" data-validation=\"international\" \/><\/div><\/div><div id=\"email-1\" class=\"forminator-field-email forminator-col forminator-col-4 \"><div class=\"forminator-field\"><label for=\"forminator-field-email-1_6a07e1ed6fb5f\" id=\"forminator-field-email-1_6a07e1ed6fb5f-label\" class=\"forminator-label\">E-Mail <span class=\"forminator-required\">*<\/span><\/label><input type=\"email\" name=\"email-1\" value=\"\" placeholder=\"E-Mail:\" id=\"forminator-field-email-1_6a07e1ed6fb5f\" class=\"forminator-input forminator-email--field\" data-required=\"true\" aria-required=\"true\" autocomplete=\"email\" \/><\/div><\/div><\/div><div class=\"forminator-row\"><div id=\"select-1\" class=\"forminator-field-select forminator-col forminator-col-12 \"><div class=\"forminator-field\"><select  id=\"forminator-form-24464__field--select-1_6a07e1ed6fb5f\" class=\"forminator-select--field forminator-select2 forminator-select2-multiple\" data-required=\"\" name=\"select-1\" data-default-value=\"\" data-hidden-behavior=\"zero\" data-placeholder=\"Subject:\" data-search=\"false\" data-search-placeholder=\"Subject:\" data-checkbox=\"false\" data-allow-clear=\"false\" aria-labelledby=\"forminator-form-24464__field--select-1_6a07e1ed6fb5f-label\"><option value=\"\"  >Subject:<\/option><option value=\"one\"  data-calculation=\"0\">Zirconium Dental Crowns<\/option><option value=\"two\"  data-calculation=\"0\">Teeth Whitening<\/option><option value=\"Estetik-Di\u015f-Hekimli\u011fi\"  data-calculation=\"0\">Aesthetic Dentistry<\/option><option value=\"Hollywood-Smile-G\u00fcl\u00fc\u015f-Tasar\u0131m\u0131\"  data-calculation=\"0\">Hollywood Smile Design<\/option><option value=\"Ortodonti\"  data-calculation=\"0\">Orthodontics<\/option><option value=\"\u00c7ocuk-Di\u015f-Hekimli\u011fi-Pedodontist\"  data-calculation=\"0\">Pediatric Dentistry \u2013 Pedodontist<\/option><option value=\"Kanal-Tedavisi\"  data-calculation=\"0\">Root Canal Treatment<\/option><option value=\"\u0130mplant-Tedavisi\"  data-calculation=\"0\">Dental Implant Treatment<\/option><option value=\"Protez-Di\u015fler\"  data-calculation=\"0\">Dental Prostheses<\/option><option value=\"A\u011f\u0131z,-Di\u015f-ve-\u00c7ene-Cerrahisi\"  data-calculation=\"0\">Oral and Maxillofacial Surgery<\/option><option value=\"Di\u015f-Eti-Tedavisi\"  data-calculation=\"0\">Gum Disease Treatment<\/option><option value=\"Di\u015f-Dolgu-Tedavisi\"  data-calculation=\"0\">Dental Filling Treatment<\/option><option value=\"\u00c7ene-Eklemi-Rahats\u0131zl\u0131klar\u0131-Tedavisi\"  data-calculation=\"0\">Temporomandibular Joint (TMJ) Disorder Treatment<\/option><option value=\"Oral-Diagnoz-ve-Dental-Radyoloji\"  data-calculation=\"0\">Oral Diagnosis and Dental Radiology<\/option><option value=\"Koruyucu-ve-\u00d6nleyici-Di\u015f-Hekimli\u011fi\"  data-calculation=\"0\">Preventive and Protective Dentistry<\/option><\/select><\/div><\/div><\/div><div class=\"forminator-row\"><div id=\"date-1\" class=\"forminator-field-date forminator-col forminator-col-12 \"><div class=\"forminator-field\"><label for=\"forminator-field-date-1-picker_6a07e1ed6fb5f\" id=\"forminator-field-date-1-picker_6a07e1ed6fb5f-label\" class=\"forminator-label\">Date <span class=\"forminator-required\">*<\/span><\/label><div class=\"forminator-input-with-icon\"><span class=\"forminator-icon-calendar\" aria-hidden=\"true\"><\/span><input autocomplete=\"off\" type=\"text\" size=\"1\" name=\"date-1\" value=\"\" placeholder=\"Select Date:\" id=\"forminator-field-date-1-picker_6a07e1ed6fb5f\" class=\"forminator-input forminator-datepicker\" data-required=\"1\" data-format=\"mm\/dd\/yy\" data-restrict-type=\"\" data-restrict=\"\" data-start-year=\"1926\" data-end-year=\"2126\" data-past-dates=\"enable\" data-start-of-week=\"1\" data-start-date=\"\" data-end-date=\"\" data-start-field=\"\" data-end-field=\"\" data-start-offset=\"\" data-end-offset=\"\" data-disable-date=\"\" data-disable-range=\"\" \/><\/div><\/div><\/div><\/div><div class=\"forminator-row\"><div id=\"textarea-1\" class=\"forminator-field-textarea forminator-col forminator-col-12 \"><div class=\"forminator-field\"><label for=\"forminator-field-textarea-1_6a07e1ed6fb5f\" id=\"forminator-field-textarea-1_6a07e1ed6fb5f-label\" class=\"forminator-label\">Your Requests and Expectations: <span class=\"forminator-required\">*<\/span><\/label><textarea name=\"textarea-1\" placeholder=\"Your Question:\" id=\"forminator-field-textarea-1_6a07e1ed6fb5f\" class=\"forminator-textarea\" rows=\"6\" style=\"min-height:80px;\" ><\/textarea><\/div><\/div><\/div><div class=\"forminator-row\"><div id=\"upload-1\" class=\"forminator-field-upload forminator-col forminator-col-12 \"><div class=\"forminator-field\"><label for=\"forminator-field-upload-1_6a07e1ed6fb5f\" id=\"forminator-field-upload-1_6a07e1ed6fb5f-label\" class=\"forminator-label\">Upload File:<\/label><div class=\"forminator-file-upload \" data-element=\"upload-1_6a07e1ed6fb5f\"><input type=\"file\" name=\"upload-1\" id=\"forminator-field-upload-1_6a07e1ed6fb5f\" class=\"forminator-input-file\" accept=\".jpg,.jpeg,.jpe,.gif,.png,.bmp,.tiff,.tif,.webp,.avif,.ico,.heic,.heif,.heics,.heifs,.asf,.asx,.wmv,.wmx,.wm,.avi,.divx,.flv,.mov,.qt,.mpeg,.mpg,.mpe,.mp4,.m4v,.ogv,.webm,.mkv,.3gp,.3gpp,.3g2,.3gp2,.txt,.asc,.c,.cc,.h,.srt,.csv,.tsv,.ics,.rtx,.vtt,.mp3,.m4a,.m4b,.aac,.ra,.ram,.wav,.x-wav,.ogg,.oga,.flac,.mid,.midi,.wma,.wax,.mka,.rtf,.pdf,.class,.tar,.zip,.gz,.gzip,.7z,.psd,.xcf,.doc,.pot,.pps,.ppt,.wri,.xla,.xls,.xlt,.xlw,.mdb,.mpp,.docx,.docm,.dotx,.dotm,.xlsx,.xlsm,.xlsb,.xltx,.xltm,.xlam,.pptx,.pptm,.ppsx,.ppsm,.potx,.potm,.ppam,.sldx,.sldm,.onetoc,.onetoc2,.onetmp,.onepkg,.oxps,.xps,.odt,.odp,.ods,.odg,.odc,.odb,.odf,.wp,.wpd,.key,.numbers,.pages,.json,.ttf,.otf,.eot,.woff,.woff2,.redux\" tabindex=\"-1\"><button id=\"forminator-field-upload-1_6a07e1ed6fb5f_button\" class=\"forminator-button forminator-button-upload\" data-id=\"forminator-field-upload-1_6a07e1ed6fb5f\">Choose File<\/button><span data-empty-text=\"No file chosen\">No file chosen<\/span><button class=\"forminator-button-delete\" style=\"display: none;\"><i class=\"forminator-icon-close\" aria-hidden=\"true\"><\/i><span class=\"forminator-screen-reader-only\">Delete uploaded file<\/span><\/button><\/div><\/div><\/div><\/div><div class=\"forminator-row\"><div id=\"captcha-1\" class=\"forminator-field-captcha forminator-col forminator-col-12 \"><div class=\"forminator-captcha-left forminator-g-recaptcha\" data-theme=\"light\"  data-sitekey=\"6LfNr7EqAAAAAFp_f4inFhQ0BJIr0cFM52hfXZBg\" data-size=\"normal\"><\/div> <\/div><\/div><input type=\"hidden\" name=\"referer_url\" value=\"\" \/><div class=\"forminator-row forminator-row-last\"><div class=\"forminator-col\"><div class=\"forminator-field\"><button class=\"forminator-button forminator-button-submit\">Send<\/button><\/div><\/div><\/div><input type=\"hidden\" id=\"forminator_nonce\" name=\"forminator_nonce\" value=\"658cdb0b16\" \/><input type=\"hidden\" name=\"_wp_http_referer\" value=\"\/en\/wp-json\/wp\/v2\/pages\/21422\" \/><input type=\"hidden\" name=\"form_id\" value=\"24464\"><input type=\"hidden\" name=\"page_id\" value=\"21422\"><input type=\"hidden\" name=\"form_type\" value=\"default\"><input type=\"hidden\" name=\"current_url\" value=\"https:\/\/bddbogazicidis.com.tr\/en\/ask-the-doctor\/\"><input type=\"hidden\" name=\"render_id\" value=\"0\"><input type=\"hidden\" name=\"action\" value=\"forminator_submit_form_custom-forms\"><label for=\"input_8\" class=\"forminator-hidden\" aria-hidden=\"true\">Please do not fill in this field. <input id=\"input_8\" type=\"text\" name=\"input_8\" value=\"\" autocomplete=\"off\"><\/label><\/form><\/div>\n\t\t\t\t\t\t<\/div>\n\t\t\t\t<\/div>\n\t\t\t\t<\/div>\r\n\t\t\t\t\t<\/div>\r\n\t\t\t\t<\/div>\r\n\t\t\t\t<\/div>\r\n\t\t<div class=\"elementor-element elementor-element-ce98708 e-con-full e-flex e-con e-child \" data-id=\"ce98708\" data-element_type=\"container\" data-e-type=\"container\">\t\t<div class=\"elementor-element elementor-element-11fda0f elementor-widget elementor-widget-shortcode\" data-id=\"11fda0f\" data-element_type=\"widget\" data-e-type=\"widget\" data-widget_type=\"shortcode.default\">\n\t\t\t\t<div class=\"elementor-widget-container\">\n\t\t\t\t\t\t\t<div class=\"elementor-shortcode\">\t\t<div data-elementor-type=\"container\" data-elementor-id=\"23716\" class=\"elementor elementor-23716 elementor-19395\" data-elementor-post-type=\"elementor_library\">\n\t\t\t\t<div class=\"elementor-element elementor-element-186fe8b e-flex e-con-boxed e-con e-child \" data-id=\"186fe8b\" data-element_type=\"container\" data-e-type=\"container\" data-settings=\"{&quot;background_background&quot;:&quot;classic&quot;}\">\t\t\t<div class=\"e-con-inner\">\r\n\t\t<div class=\"elementor-element elementor-element-aeef5a1 e-con-full e-flex e-con e-child \" data-id=\"aeef5a1\" data-element_type=\"container\" data-e-type=\"container\">\t\t<div class=\"elementor-element elementor-element-d5a168c elementor-widget__width-inherit elementor-widget elementor-widget-heading\" data-id=\"d5a168c\" data-element_type=\"widget\" data-e-type=\"widget\" data-widget_type=\"heading.default\">\n\t\t\t\t<div class=\"elementor-widget-container\">\n\t\t\t\t\t<h5 class=\"elementor-heading-title elementor-size-default\">Contact Us<\/h5>\t\t\t\t<\/div>\n\t\t\t\t<\/div>\n\t\t\t\t<div class=\"elementor-element elementor-element-469d987 elementor-widget__width-inherit elementor-widget elementor-widget-heading\" data-id=\"469d987\" data-element_type=\"widget\" data-e-type=\"widget\" data-widget_type=\"heading.default\">\n\t\t\t\t<div class=\"elementor-widget-container\">\n\t\t\t\t\t<h3 class=\"elementor-heading-title elementor-size-default\">We Are Always By Your Side<\/h3>\t\t\t\t<\/div>\n\t\t\t\t<\/div>\n\t\t\t\t<div class=\"elementor-element elementor-element-d044908 elementor-widget__width-inherit elementor-widget elementor-widget-pxl_text_editor\" data-id=\"d044908\" data-element_type=\"widget\" data-e-type=\"widget\" data-widget_type=\"pxl_text_editor.default\">\n\t\t\t\t<div class=\"elementor-widget-container\">\n\t\t\t\t\t<div class=\"pxl-text-editor\">\n\t<div class=\"pxl-item--inner  \" data-wow-delay=\"ms\">\n\t\t<p>For your questions, appointment requests and treatment consultation, please contact us.<\/p>\t\t\n\t<\/div>\n<\/div>\t\t\t\t<\/div>\n\t\t\t\t<\/div>\n\t\t\t\t<div class=\"elementor-element elementor-element-b5c3064 elementor-widget__width-inherit elementor-widget elementor-widget-pxl_icon_box\" data-id=\"b5c3064\" data-element_type=\"widget\" data-e-type=\"widget\" data-widget_type=\"pxl_icon_box.default\">\n\t\t\t\t<div class=\"elementor-widget-container\">\n\t\t\t\t\t<div class=\"pxl-icon-box pxl-icon-box1 style-2 ani1 \" data-wow-delay=\"ms\">\r\n    <div class=\"pxl-item--inner\">\r\n        \r\n                            <div class=\"pxl-item--icon\">\r\n                                    <a href=\"#\" target=\"_blank\">\r\n                                        <i aria-hidden=\"true\" class=\"bootstrap-icons bi-pin-map\"><\/i>                                        <\/a>\r\n                            <\/div>\r\n                        <div class=\"pxl-item--meta\">\r\n            <h4 class=\"pxl-item--title el-empty\">\r\n                        Address:                        <\/h4>\r\n            <div class=\"pxl-item--description el-empty\">\u0130cadiye Mh. Cumhuriyet Cd. No: 63 \u00dcsk\u00fcdar \u0130stanbul<\/div>\r\n        <\/div>\r\n    <\/div>\r\n<\/div>\t\t\t\t<\/div>\n\t\t\t\t<\/div>\n\t\t\t\t<div class=\"elementor-element elementor-element-f188632 elementor-widget__width-inherit elementor-widget elementor-widget-pxl_icon_box\" data-id=\"f188632\" data-element_type=\"widget\" data-e-type=\"widget\" data-widget_type=\"pxl_icon_box.default\">\n\t\t\t\t<div class=\"elementor-widget-container\">\n\t\t\t\t\t<div class=\"pxl-icon-box pxl-icon-box1 style-2 ani1 \" data-wow-delay=\"ms\">\r\n    <div class=\"pxl-item--inner\">\r\n        \r\n                            <div class=\"pxl-item--icon\">\r\n                                    <i aria-hidden=\"true\" class=\"bootstrap-icons bi-phone\"><\/i>                                <\/div>\r\n                        <div class=\"pxl-item--meta\">\r\n            <h4 class=\"pxl-item--title el-empty\">\r\n                        Phone:                        <\/h4>\r\n            <div class=\"pxl-item--description el-empty\">+90 216 695 29 98 <\/br>\n+90 216 695 29 99  <\/br>\n+90 850 432 87 27<\/div>\r\n        <\/div>\r\n    <\/div>\r\n<\/div>\t\t\t\t<\/div>\n\t\t\t\t<\/div>\n\t\t\t\t<div class=\"elementor-element elementor-element-42be540 elementor-widget__width-inherit elementor-widget elementor-widget-pxl_icon_box\" data-id=\"42be540\" data-element_type=\"widget\" data-e-type=\"widget\" data-widget_type=\"pxl_icon_box.default\">\n\t\t\t\t<div class=\"elementor-widget-container\">\n\t\t\t\t\t<div class=\"pxl-icon-box pxl-icon-box1 style-2 ani1 \" data-wow-delay=\"ms\">\r\n    <div class=\"pxl-item--inner\">\r\n        \r\n                            <div class=\"pxl-item--icon\">\r\n                                    <a href=\"mailto:info@bddbogazicidis.com.tr\" target=\"_blank\">\r\n                                        <i aria-hidden=\"true\" class=\"fal fa-envelope\"><\/i>                                        <\/a>\r\n                            <\/div>\r\n                        <div class=\"pxl-item--meta\">\r\n            <h4 class=\"pxl-item--title el-empty\">\r\n                        E-Mail:                        <\/h4>\r\n            <div class=\"pxl-item--description el-empty\">info@bddbogazicidis.com.tr<\/div>\r\n        <\/div>\r\n    <\/div>\r\n<\/div>\t\t\t\t<\/div>\n\t\t\t\t<\/div>\n\t\t\t\t<div class=\"elementor-element elementor-element-574f9bc elementor-widget__width-inherit elementor-widget elementor-widget-pxl_icon_box\" data-id=\"574f9bc\" data-element_type=\"widget\" data-e-type=\"widget\" data-widget_type=\"pxl_icon_box.default\">\n\t\t\t\t<div class=\"elementor-widget-container\">\n\t\t\t\t\t<div class=\"pxl-icon-box pxl-icon-box1 style-2 ani1 \" data-wow-delay=\"ms\">\r\n    <div class=\"pxl-item--inner\">\r\n        \r\n                            <div class=\"pxl-item--icon\">\r\n                                    <a href=\"https:\/\/www.instagram.com\/bddbogazicidis\/\" target=\"_blank\" rel=\"noopener\">\r\n                                        <i aria-hidden=\"true\" class=\"bootstrap-icons bi-instagram\"><\/i>                                        <\/a>\r\n                            <\/div>\r\n                        <div class=\"pxl-item--meta\">\r\n            <h4 class=\"pxl-item--title el-empty\">\r\n                        Instagram                        <\/h4>\r\n            <div class=\"pxl-item--description el-empty\">\/bddbogazicidis<\/div>\r\n        <\/div>\r\n    <\/div>\r\n<\/div>\t\t\t\t<\/div>\n\t\t\t\t<\/div>\n\t\t\t\t<\/div>\r\n\t\t\t\t\t<\/div>\r\n\t\t\t\t<\/div>\r\n\t\t\t\t<\/div>\n\t\t  <\/div>\n\t\t\t\t\t\t<\/div>\n\t\t\t\t<\/div>\n\t\t\t\t<div class=\"elementor-element elementor-element-c69ca1b elementor-widget elementor-widget-shortcode\" data-id=\"c69ca1b\" data-element_type=\"widget\" data-e-type=\"widget\" data-widget_type=\"shortcode.default\">\n\t\t\t\t<div class=\"elementor-widget-container\">\n\t\t\t\t\t\t\t<div class=\"elementor-shortcode\">\t\t<div data-elementor-type=\"container\" data-elementor-id=\"23730\" class=\"elementor elementor-23730 elementor-19612\" data-elementor-post-type=\"elementor_library\">\n\t\t\t\t<div class=\"elementor-element elementor-element-07333a4 e-flex e-con-boxed e-con e-child \" data-id=\"07333a4\" data-element_type=\"container\" data-e-type=\"container\" data-settings=\"{&quot;background_background&quot;:&quot;classic&quot;}\">\t\t\t<div class=\"e-con-inner\">\r\n\t\t<div class=\"elementor-element elementor-element-04ab5b4 e-con-full e-flex e-con e-child \" data-id=\"04ab5b4\" data-element_type=\"container\" data-e-type=\"container\">\t\t<div class=\"elementor-element elementor-element-e1d155c elementor-widget__width-inherit elementor-widget elementor-widget-heading\" data-id=\"e1d155c\" data-element_type=\"widget\" data-e-type=\"widget\" data-widget_type=\"heading.default\">\n\t\t\t\t<div class=\"elementor-widget-container\">\n\t\t\t\t\t<h5 class=\"elementor-heading-title elementor-size-default\">Online Appointment<\/h5>\t\t\t\t<\/div>\n\t\t\t\t<\/div>\n\t\t\t\t<div class=\"elementor-element elementor-element-0eacf1d elementor-widget__width-inherit elementor-widget elementor-widget-heading\" data-id=\"0eacf1d\" data-element_type=\"widget\" data-e-type=\"widget\" data-widget_type=\"heading.default\">\n\t\t\t\t<div class=\"elementor-widget-container\">\n\t\t\t\t\t<h3 class=\"elementor-heading-title elementor-size-default\">PLAN YOUR APPOINTMENT<\/h3>\t\t\t\t<\/div>\n\t\t\t\t<\/div>\n\t\t\t\t<div class=\"elementor-element elementor-element-6184d12 elementor-align-left elementor-widget__width-inherit elementor-widget elementor-widget-button\" data-id=\"6184d12\" data-element_type=\"widget\" data-e-type=\"widget\" data-widget_type=\"button.default\">\n\t\t\t\t<div class=\"elementor-widget-container\">\n\t\t\t\t\t\t\t\t\t<div class=\"elementor-button-wrapper\">\n\t\t\t\t\t<a class=\"elementor-button elementor-button-link elementor-size-sm elementor-animation-float\" href=\"https:\/\/bddbogazicidis.com.tr\/en\/online-appointment\/\">\n\t\t\t\t\t\t<span class=\"elementor-button-content-wrapper\">\n\t\t\t\t\t\t\t\t\t<span class=\"elementor-button-text\">BOOK NOW<\/span>\n\t\t\t\t\t<\/span>\n\t\t\t\t\t<\/a>\n\t\t\t\t<\/div>\n\t\t\t\t\t\t\t\t<\/div>\n\t\t\t\t<\/div>\n\t\t\t\t<\/div>\r\n\t\t\t\t\t<\/div>\r\n\t\t\t\t<\/div>\r\n\t\t\t\t<\/div>\n\t\t <\/div>\n\t\t\t\t\t\t<\/div>\n\t\t\t\t<\/div>\n\t\t\t\t<div class=\"elementor-element elementor-element-65bde28 elementor-widget elementor-widget-shortcode\" data-id=\"65bde28\" data-element_type=\"widget\" data-e-type=\"widget\" data-widget_type=\"shortcode.default\">\n\t\t\t\t<div class=\"elementor-widget-container\">\n\t\t\t\t\t\t\t<div class=\"elementor-shortcode\">\t\t<div data-elementor-type=\"container\" data-elementor-id=\"23732\" class=\"elementor elementor-23732 elementor-19627\" data-elementor-post-type=\"elementor_library\">\n\t\t\t\t<div class=\"elementor-element elementor-element-224208f e-flex e-con-boxed e-con e-child \" data-id=\"224208f\" data-element_type=\"container\" data-e-type=\"container\" data-settings=\"{&quot;background_background&quot;:&quot;classic&quot;}\">\t\t\t<div class=\"e-con-inner\">\r\n\t\t<div class=\"elementor-element elementor-element-8a40e24 e-con-full e-flex e-con e-child \" data-id=\"8a40e24\" data-element_type=\"container\" data-e-type=\"container\">\t\t<div class=\"elementor-element elementor-element-d99c5ee elementor-widget__width-inherit elementor-widget elementor-widget-heading\" data-id=\"d99c5ee\" data-element_type=\"widget\" data-e-type=\"widget\" data-widget_type=\"heading.default\">\n\t\t\t\t<div class=\"elementor-widget-container\">\n\t\t\t\t\t<h5 class=\"elementor-heading-title elementor-size-default\">Send X-ray<\/h5>\t\t\t\t<\/div>\n\t\t\t\t<\/div>\n\t\t\t\t<div class=\"elementor-element elementor-element-d535910 elementor-widget__width-inherit elementor-widget elementor-widget-heading\" data-id=\"d535910\" data-element_type=\"widget\" data-e-type=\"widget\" data-widget_type=\"heading.default\">\n\t\t\t\t<div class=\"elementor-widget-container\">\n\t\t\t\t\t<h3 class=\"elementor-heading-title elementor-size-default\">SHARE YOUR X-RAY AND PHOTOS<\/h3>\t\t\t\t<\/div>\n\t\t\t\t<\/div>\n\t\t\t\t<div class=\"elementor-element elementor-element-33edbc7 elementor-widget__width-inherit elementor-widget elementor-widget-pxl_text_editor\" data-id=\"33edbc7\" data-element_type=\"widget\" data-e-type=\"widget\" data-widget_type=\"pxl_text_editor.default\">\n\t\t\t\t<div class=\"elementor-widget-container\">\n\t\t\t\t\t<div class=\"pxl-text-editor\">\n\t<div class=\"pxl-item--inner  \" data-wow-delay=\"ms\">\n\t\t<p>You can share your X-ray for accurate diagnosis and treatment methods.<\/p>\t\t\n\t<\/div>\n<\/div>\t\t\t\t<\/div>\n\t\t\t\t<\/div>\n\t\t\t\t<div class=\"elementor-element elementor-element-9e0e1cf elementor-align-left elementor-widget__width-inherit elementor-widget elementor-widget-button\" data-id=\"9e0e1cf\" data-element_type=\"widget\" data-e-type=\"widget\" data-widget_type=\"button.default\">\n\t\t\t\t<div class=\"elementor-widget-container\">\n\t\t\t\t\t\t\t\t\t<div class=\"elementor-button-wrapper\">\n\t\t\t\t\t<a class=\"elementor-button elementor-button-link elementor-size-sm elementor-animation-float\" href=\"https:\/\/bddbogazicidis.com.tr\/en\/send-x-ray\/\">\n\t\t\t\t\t\t<span class=\"elementor-button-content-wrapper\">\n\t\t\t\t\t\t\t\t\t<span class=\"elementor-button-text\">SEND X-RAY \/ PHOTO NOW<\/span>\n\t\t\t\t\t<\/span>\n\t\t\t\t\t<\/a>\n\t\t\t\t<\/div>\n\t\t\t\t\t\t\t\t<\/div>\n\t\t\t\t<\/div>\n\t\t\t\t<\/div>\r\n\t\t\t\t\t<\/div>\r\n\t\t\t\t<\/div>\r\n\t\t\t\t<\/div>\n\t\t <\/div>\n\t\t\t\t\t\t<\/div>\n\t\t\t\t<\/div>\n\t\t\t\t<\/div>\r\n\t\t\t\t\t<\/div>\r\n\t\t\t\t<\/div>\r\n\t\t\t\t<\/div>\n\t\t","protected":false},"excerpt":{"rendered":"<p>Ask the Doctor Ask Our Specialist Dentists You can consult with our specialist dentists about any questions regarding your oral and dental health. Your questions are treated confidentially and we will respond to you as soon as possible.<\/p>\n","protected":false},"author":1,"featured_media":0,"parent":0,"menu_order":54,"comment_status":"closed","ping_status":"closed","template":"","meta":{"footnotes":""},"class_list":["post-21422","page","type-page","status-publish","hentry"],"_links":{"self":[{"href":"https:\/\/bddbogazicidis.com.tr\/en\/wp-json\/wp\/v2\/pages\/21422","targetHints":{"allow":["GET"]}}],"collection":[{"href":"https:\/\/bddbogazicidis.com.tr\/en\/wp-json\/wp\/v2\/pages"}],"about":[{"href":"https:\/\/bddbogazicidis.com.tr\/en\/wp-json\/wp\/v2\/types\/page"}],"author":[{"embeddable":true,"href":"https:\/\/bddbogazicidis.com.tr\/en\/wp-json\/wp\/v2\/users\/1"}],"replies":[{"embeddable":true,"href":"https:\/\/bddbogazicidis.com.tr\/en\/wp-json\/wp\/v2\/comments?post=21422"}],"version-history":[{"count":0,"href":"https:\/\/bddbogazicidis.com.tr\/en\/wp-json\/wp\/v2\/pages\/21422\/revisions"}],"wp:attachment":[{"href":"https:\/\/bddbogazicidis.com.tr\/en\/wp-json\/wp\/v2\/media?parent=21422"}],"curies":[{"name":"wp","href":"https:\/\/api.w.org\/{rel}","templated":true}]}}