{"id":21430,"date":"2025-12-26T10:27:42","date_gmt":"2025-12-26T07:27:42","guid":{"rendered":"https:\/\/bddbogazicidis.com.tr\/banka-hesaplarimiz\/"},"modified":"2026-01-12T15:55:20","modified_gmt":"2026-01-12T12:55:20","slug":"bank-account-details","status":"publish","type":"page","link":"https:\/\/bddbogazicidis.com.tr\/en\/bank-account-details\/","title":{"rendered":"Bank Account Details"},"content":{"rendered":"\t\t<div data-elementor-type=\"wp-page\" data-elementor-id=\"21430\" class=\"elementor elementor-21430 elementor-16774\" data-elementor-post-type=\"page\">\n\t\t\t\t<div class=\"elementor-element elementor-element-0d33ff2 e-flex e-con-boxed e-con e-parent \" data-id=\"0d33ff2\" data-element_type=\"container\" data-e-type=\"container\">\t\t\t<div class=\"e-con-inner\">\r\n\t\t<div class=\"elementor-element elementor-element-6d9dfdd e-con-full e-flex e-con e-child \" data-id=\"6d9dfdd\" data-element_type=\"container\" data-e-type=\"container\"><div class=\"elementor-element elementor-element-1a3c12f e-con-full e-flex e-con e-child \" data-id=\"1a3c12f\" data-element_type=\"container\" data-e-type=\"container\" data-settings=\"{&quot;background_background&quot;:&quot;classic&quot;}\">\t\t<div class=\"elementor-element elementor-element-6d02cf7 elementor-widget__width-inherit elementor-widget elementor-widget-heading\" data-id=\"6d02cf7\" data-element_type=\"widget\" data-e-type=\"widget\" data-widget_type=\"heading.default\">\n\t\t\t\t<div class=\"elementor-widget-container\">\n\t\t\t\t\t<h3 class=\"elementor-heading-title elementor-size-default\">Bank Accounts\n<\/h3>\t\t\t\t<\/div>\n\t\t\t\t<\/div>\n\t\t\t\t<div class=\"elementor-element elementor-element-50aea44 elementor-widget__width-inherit elementor-widget elementor-widget-text-editor\" data-id=\"50aea44\" data-element_type=\"widget\" data-e-type=\"widget\" data-widget_type=\"text-editor.default\">\n\t\t\t\t<div class=\"elementor-widget-container\">\n\t\t\t\t\t\t\t\t\t<p data-start=\"281\" data-end=\"337\"><strong data-start=\"301\" data-end=\"337\">\u015eekerbank \u2013 \u00dcsk\u00fcdar Branch (124)<\/strong><\/p><p data-start=\"339\" data-end=\"356\"><strong data-start=\"339\" data-end=\"354\">USD Account<\/strong><\/p><ul><li data-start=\"359\" data-end=\"386\"><strong data-start=\"359\" data-end=\"374\">Account No:<\/strong> 124015564<\/li><li data-start=\"389\" data-end=\"433\"><strong data-start=\"389\" data-end=\"398\">IBAN:<\/strong> TR21 0005 9012 4013 0124 0155 64<\/li><\/ul><p data-start=\"435\" data-end=\"452\"><strong data-start=\"435\" data-end=\"450\">EUR Account<\/strong><\/p><ul><li data-start=\"455\" data-end=\"482\"><strong data-start=\"455\" data-end=\"470\">Account No:<\/strong> 124016332<\/li><li data-start=\"485\" data-end=\"529\"><strong data-start=\"485\" data-end=\"494\">IBAN:<\/strong> TR43 0005 9012 4013 0124 0163 32<\/li><\/ul><p data-start=\"531\" data-end=\"548\"><strong data-start=\"531\" data-end=\"546\">TRY Account<\/strong><\/p><ul><li data-start=\"551\" data-end=\"578\"><strong data-start=\"551\" data-end=\"566\">Account No:<\/strong> 124012822<\/li><li data-start=\"581\" data-end=\"625\"><strong data-start=\"581\" data-end=\"590\">IBAN:<\/strong> TR44 0005 9012 4012 0124 0128 22<\/li><\/ul>\t\t\t\t\t\t\t\t<\/div>\n\t\t\t\t<\/div>\n\t\t\t\t<\/div>\r\n\t\t\t\t<\/div>\r\n\t\t<div class=\"elementor-element elementor-element-764ccda e-con-full e-flex e-con e-child \" data-id=\"764ccda\" data-element_type=\"container\" data-e-type=\"container\">\t\t<div class=\"elementor-element elementor-element-82c1b19 elementor-widget elementor-widget-shortcode\" data-id=\"82c1b19\" data-element_type=\"widget\" data-e-type=\"widget\" data-widget_type=\"shortcode.default\">\n\t\t\t\t<div class=\"elementor-widget-container\">\n\t\t\t\t\t\t\t<div class=\"elementor-shortcode\">\t\t<div data-elementor-type=\"container\" data-elementor-id=\"23716\" class=\"elementor elementor-23716 elementor-19395\" data-elementor-post-type=\"elementor_library\">\n\t\t\t\t<div class=\"elementor-element elementor-element-186fe8b e-flex e-con-boxed e-con e-child \" data-id=\"186fe8b\" data-element_type=\"container\" data-e-type=\"container\" data-settings=\"{&quot;background_background&quot;:&quot;classic&quot;}\">\t\t\t<div class=\"e-con-inner\">\r\n\t\t<div class=\"elementor-element elementor-element-aeef5a1 e-con-full e-flex e-con e-child \" data-id=\"aeef5a1\" data-element_type=\"container\" data-e-type=\"container\">\t\t<div class=\"elementor-element elementor-element-d5a168c elementor-widget__width-inherit elementor-widget elementor-widget-heading\" data-id=\"d5a168c\" data-element_type=\"widget\" data-e-type=\"widget\" data-widget_type=\"heading.default\">\n\t\t\t\t<div class=\"elementor-widget-container\">\n\t\t\t\t\t<h5 class=\"elementor-heading-title elementor-size-default\">Contact Us<\/h5>\t\t\t\t<\/div>\n\t\t\t\t<\/div>\n\t\t\t\t<div class=\"elementor-element elementor-element-469d987 elementor-widget__width-inherit elementor-widget elementor-widget-heading\" data-id=\"469d987\" data-element_type=\"widget\" data-e-type=\"widget\" data-widget_type=\"heading.default\">\n\t\t\t\t<div class=\"elementor-widget-container\">\n\t\t\t\t\t<h3 class=\"elementor-heading-title elementor-size-default\">We Are Always By Your Side<\/h3>\t\t\t\t<\/div>\n\t\t\t\t<\/div>\n\t\t\t\t<div class=\"elementor-element elementor-element-d044908 elementor-widget__width-inherit elementor-widget elementor-widget-pxl_text_editor\" data-id=\"d044908\" data-element_type=\"widget\" data-e-type=\"widget\" data-widget_type=\"pxl_text_editor.default\">\n\t\t\t\t<div class=\"elementor-widget-container\">\n\t\t\t\t\t<div class=\"pxl-text-editor\">\n\t<div class=\"pxl-item--inner  \" data-wow-delay=\"ms\">\n\t\t<p>For your questions, appointment requests and treatment consultation, please contact us.<\/p>\t\t\n\t<\/div>\n<\/div>\t\t\t\t<\/div>\n\t\t\t\t<\/div>\n\t\t\t\t<div class=\"elementor-element elementor-element-b5c3064 elementor-widget__width-inherit elementor-widget elementor-widget-pxl_icon_box\" data-id=\"b5c3064\" data-element_type=\"widget\" data-e-type=\"widget\" data-widget_type=\"pxl_icon_box.default\">\n\t\t\t\t<div class=\"elementor-widget-container\">\n\t\t\t\t\t<div class=\"pxl-icon-box pxl-icon-box1 style-2 ani1 \" data-wow-delay=\"ms\">\r\n    <div class=\"pxl-item--inner\">\r\n        \r\n                            <div class=\"pxl-item--icon\">\r\n                                    <a href=\"#\" target=\"_blank\">\r\n                                        <i aria-hidden=\"true\" class=\"bootstrap-icons bi-pin-map\"><\/i>                                        <\/a>\r\n                            <\/div>\r\n                        <div class=\"pxl-item--meta\">\r\n            <h4 class=\"pxl-item--title el-empty\">\r\n                        Address:                        <\/h4>\r\n            <div class=\"pxl-item--description el-empty\">\u0130cadiye Mh. Cumhuriyet Cd. No: 63 \u00dcsk\u00fcdar \u0130stanbul<\/div>\r\n        <\/div>\r\n    <\/div>\r\n<\/div>\t\t\t\t<\/div>\n\t\t\t\t<\/div>\n\t\t\t\t<div class=\"elementor-element elementor-element-f188632 elementor-widget__width-inherit elementor-widget elementor-widget-pxl_icon_box\" data-id=\"f188632\" data-element_type=\"widget\" data-e-type=\"widget\" data-widget_type=\"pxl_icon_box.default\">\n\t\t\t\t<div class=\"elementor-widget-container\">\n\t\t\t\t\t<div class=\"pxl-icon-box pxl-icon-box1 style-2 ani1 \" data-wow-delay=\"ms\">\r\n    <div class=\"pxl-item--inner\">\r\n        \r\n                            <div class=\"pxl-item--icon\">\r\n                                    <i aria-hidden=\"true\" class=\"bootstrap-icons bi-phone\"><\/i>                                <\/div>\r\n                        <div class=\"pxl-item--meta\">\r\n            <h4 class=\"pxl-item--title el-empty\">\r\n                        Phone:                        <\/h4>\r\n            <div class=\"pxl-item--description el-empty\">+90 216 695 29 98 <\/br>\n+90 216 695 29 99  <\/br>\n+90 850 432 87 27<\/div>\r\n        <\/div>\r\n    <\/div>\r\n<\/div>\t\t\t\t<\/div>\n\t\t\t\t<\/div>\n\t\t\t\t<div class=\"elementor-element elementor-element-42be540 elementor-widget__width-inherit elementor-widget elementor-widget-pxl_icon_box\" data-id=\"42be540\" data-element_type=\"widget\" data-e-type=\"widget\" data-widget_type=\"pxl_icon_box.default\">\n\t\t\t\t<div class=\"elementor-widget-container\">\n\t\t\t\t\t<div class=\"pxl-icon-box pxl-icon-box1 style-2 ani1 \" data-wow-delay=\"ms\">\r\n    <div class=\"pxl-item--inner\">\r\n        \r\n                            <div class=\"pxl-item--icon\">\r\n                                    <a href=\"mailto:info@bddbogazicidis.com.tr\" target=\"_blank\">\r\n                                        <i aria-hidden=\"true\" class=\"fal fa-envelope\"><\/i>                                        <\/a>\r\n                            <\/div>\r\n                        <div class=\"pxl-item--meta\">\r\n            <h4 class=\"pxl-item--title el-empty\">\r\n                        E-Mail:                        <\/h4>\r\n            <div class=\"pxl-item--description el-empty\">info@bddbogazicidis.com.tr<\/div>\r\n        <\/div>\r\n    <\/div>\r\n<\/div>\t\t\t\t<\/div>\n\t\t\t\t<\/div>\n\t\t\t\t<div class=\"elementor-element elementor-element-574f9bc elementor-widget__width-inherit elementor-widget elementor-widget-pxl_icon_box\" data-id=\"574f9bc\" data-element_type=\"widget\" data-e-type=\"widget\" data-widget_type=\"pxl_icon_box.default\">\n\t\t\t\t<div class=\"elementor-widget-container\">\n\t\t\t\t\t<div class=\"pxl-icon-box pxl-icon-box1 style-2 ani1 \" data-wow-delay=\"ms\">\r\n    <div class=\"pxl-item--inner\">\r\n        \r\n                            <div class=\"pxl-item--icon\">\r\n                                    <a href=\"https:\/\/www.instagram.com\/bddbogazicidis\/\" target=\"_blank\" rel=\"noopener\">\r\n                                        <i aria-hidden=\"true\" class=\"bootstrap-icons bi-instagram\"><\/i>                                        <\/a>\r\n                            <\/div>\r\n                        <div class=\"pxl-item--meta\">\r\n            <h4 class=\"pxl-item--title el-empty\">\r\n                        Instagram                        <\/h4>\r\n            <div class=\"pxl-item--description el-empty\">\/bddbogazicidis<\/div>\r\n        <\/div>\r\n    <\/div>\r\n<\/div>\t\t\t\t<\/div>\n\t\t\t\t<\/div>\n\t\t\t\t<\/div>\r\n\t\t\t\t\t<\/div>\r\n\t\t\t\t<\/div>\r\n\t\t\t\t<\/div>\n\t\t <\/div>\n\t\t\t\t\t\t<\/div>\n\t\t\t\t<\/div>\n\t\t\t\t<div class=\"elementor-element elementor-element-aa74da7 elementor-widget elementor-widget-shortcode\" data-id=\"aa74da7\" data-element_type=\"widget\" data-e-type=\"widget\" data-widget_type=\"shortcode.default\">\n\t\t\t\t<div class=\"elementor-widget-container\">\n\t\t\t\t\t\t\t<div class=\"elementor-shortcode\">\t\t<div data-elementor-type=\"container\" data-elementor-id=\"23730\" class=\"elementor elementor-23730 elementor-19612\" data-elementor-post-type=\"elementor_library\">\n\t\t\t\t<div class=\"elementor-element elementor-element-07333a4 e-flex e-con-boxed e-con e-child \" data-id=\"07333a4\" data-element_type=\"container\" data-e-type=\"container\" data-settings=\"{&quot;background_background&quot;:&quot;classic&quot;}\">\t\t\t<div class=\"e-con-inner\">\r\n\t\t<div class=\"elementor-element elementor-element-04ab5b4 e-con-full e-flex e-con e-child \" data-id=\"04ab5b4\" data-element_type=\"container\" data-e-type=\"container\">\t\t<div class=\"elementor-element elementor-element-e1d155c elementor-widget__width-inherit elementor-widget elementor-widget-heading\" data-id=\"e1d155c\" data-element_type=\"widget\" data-e-type=\"widget\" data-widget_type=\"heading.default\">\n\t\t\t\t<div class=\"elementor-widget-container\">\n\t\t\t\t\t<h5 class=\"elementor-heading-title elementor-size-default\">Online Appointment<\/h5>\t\t\t\t<\/div>\n\t\t\t\t<\/div>\n\t\t\t\t<div class=\"elementor-element elementor-element-0eacf1d elementor-widget__width-inherit elementor-widget elementor-widget-heading\" data-id=\"0eacf1d\" data-element_type=\"widget\" data-e-type=\"widget\" data-widget_type=\"heading.default\">\n\t\t\t\t<div class=\"elementor-widget-container\">\n\t\t\t\t\t<h3 class=\"elementor-heading-title elementor-size-default\">PLAN YOUR APPOINTMENT<\/h3>\t\t\t\t<\/div>\n\t\t\t\t<\/div>\n\t\t\t\t<div class=\"elementor-element elementor-element-6184d12 elementor-align-left elementor-widget__width-inherit elementor-widget elementor-widget-button\" data-id=\"6184d12\" data-element_type=\"widget\" data-e-type=\"widget\" data-widget_type=\"button.default\">\n\t\t\t\t<div class=\"elementor-widget-container\">\n\t\t\t\t\t\t\t\t\t<div class=\"elementor-button-wrapper\">\n\t\t\t\t\t<a class=\"elementor-button elementor-button-link elementor-size-sm elementor-animation-float\" href=\"https:\/\/bddbogazicidis.com.tr\/en\/online-appointment\/\">\n\t\t\t\t\t\t<span class=\"elementor-button-content-wrapper\">\n\t\t\t\t\t\t\t\t\t<span class=\"elementor-button-text\">BOOK NOW<\/span>\n\t\t\t\t\t<\/span>\n\t\t\t\t\t<\/a>\n\t\t\t\t<\/div>\n\t\t\t\t\t\t\t\t<\/div>\n\t\t\t\t<\/div>\n\t\t\t\t<\/div>\r\n\t\t\t\t\t<\/div>\r\n\t\t\t\t<\/div>\r\n\t\t\t\t<\/div>\n\t\t <\/div>\n\t\t\t\t\t\t<\/div>\n\t\t\t\t<\/div>\n\t\t\t\t<div class=\"elementor-element elementor-element-7114b06 elementor-widget elementor-widget-shortcode\" data-id=\"7114b06\" data-element_type=\"widget\" data-e-type=\"widget\" data-widget_type=\"shortcode.default\">\n\t\t\t\t<div class=\"elementor-widget-container\">\n\t\t\t\t\t\t\t<div class=\"elementor-shortcode\">\t\t<div data-elementor-type=\"container\" data-elementor-id=\"23731\" class=\"elementor elementor-23731 elementor-19622\" data-elementor-post-type=\"elementor_library\">\n\t\t\t\t<div class=\"elementor-element elementor-element-0e10b50 e-flex e-con-boxed e-con e-child \" data-id=\"0e10b50\" data-element_type=\"container\" data-e-type=\"container\" data-settings=\"{&quot;background_background&quot;:&quot;classic&quot;}\">\t\t\t<div class=\"e-con-inner\">\r\n\t\t<div class=\"elementor-element elementor-element-4d7bb59 e-con-full e-flex e-con e-child \" data-id=\"4d7bb59\" data-element_type=\"container\" data-e-type=\"container\">\t\t<div class=\"elementor-element elementor-element-2777cec elementor-widget__width-inherit elementor-widget elementor-widget-heading\" data-id=\"2777cec\" data-element_type=\"widget\" data-e-type=\"widget\" data-widget_type=\"heading.default\">\n\t\t\t\t<div class=\"elementor-widget-container\">\n\t\t\t\t\t<h5 class=\"elementor-heading-title elementor-size-default\">Ask the Doctor<\/h5>\t\t\t\t<\/div>\n\t\t\t\t<\/div>\n\t\t\t\t<div class=\"elementor-element elementor-element-69c39a0 elementor-widget__width-inherit elementor-widget elementor-widget-heading\" data-id=\"69c39a0\" data-element_type=\"widget\" data-e-type=\"widget\" data-widget_type=\"heading.default\">\n\t\t\t\t<div class=\"elementor-widget-container\">\n\t\t\t\t\t<h3 class=\"elementor-heading-title elementor-size-default\">ASK OUR DOCTOR<\/h3>\t\t\t\t<\/div>\n\t\t\t\t<\/div>\n\t\t\t\t<div class=\"elementor-element elementor-element-028ed89 elementor-widget__width-inherit elementor-widget elementor-widget-pxl_text_editor\" data-id=\"028ed89\" data-element_type=\"widget\" data-e-type=\"widget\" data-widget_type=\"pxl_text_editor.default\">\n\t\t\t\t<div class=\"elementor-widget-container\">\n\t\t\t\t\t<div class=\"pxl-text-editor\">\n\t<div class=\"pxl-item--inner  \" data-wow-delay=\"ms\">\n\t\t<p class=\"my-2 [&amp;+p]:mt-4 [&amp;_strong:has(+br)]:inline-block [&amp;_strong:has(+br)]:pb-2\">You can ask our doctors for detailed information and prices about dental treatments.<\/p>\t\t\n\t<\/div>\n<\/div>\t\t\t\t<\/div>\n\t\t\t\t<\/div>\n\t\t\t\t<div class=\"elementor-element elementor-element-e1cd9d1 elementor-align-left elementor-widget__width-inherit elementor-widget elementor-widget-button\" data-id=\"e1cd9d1\" data-element_type=\"widget\" data-e-type=\"widget\" data-widget_type=\"button.default\">\n\t\t\t\t<div class=\"elementor-widget-container\">\n\t\t\t\t\t\t\t\t\t<div class=\"elementor-button-wrapper\">\n\t\t\t\t\t<a class=\"elementor-button elementor-button-link elementor-size-sm elementor-animation-float\" href=\"https:\/\/bddbogazicidis.com.tr\/en\/ask-the-doctor\/\">\n\t\t\t\t\t\t<span class=\"elementor-button-content-wrapper\">\n\t\t\t\t\t\t\t\t\t<span class=\"elementor-button-text\">ASK THE DOCTOR NOW<\/span>\n\t\t\t\t\t<\/span>\n\t\t\t\t\t<\/a>\n\t\t\t\t<\/div>\n\t\t\t\t\t\t\t\t<\/div>\n\t\t\t\t<\/div>\n\t\t\t\t<\/div>\r\n\t\t\t\t\t<\/div>\r\n\t\t\t\t<\/div>\r\n\t\t\t\t<\/div>\n\t\t <\/div>\n\t\t\t\t\t\t<\/div>\n\t\t\t\t<\/div>\n\t\t\t\t<div class=\"elementor-element elementor-element-a09b643 elementor-widget elementor-widget-shortcode\" data-id=\"a09b643\" data-element_type=\"widget\" data-e-type=\"widget\" data-widget_type=\"shortcode.default\">\n\t\t\t\t<div class=\"elementor-widget-container\">\n\t\t\t\t\t\t\t<div class=\"elementor-shortcode\">\t\t<div data-elementor-type=\"container\" data-elementor-id=\"23732\" class=\"elementor elementor-23732 elementor-19627\" data-elementor-post-type=\"elementor_library\">\n\t\t\t\t<div class=\"elementor-element elementor-element-224208f e-flex e-con-boxed e-con e-child \" data-id=\"224208f\" data-element_type=\"container\" data-e-type=\"container\" data-settings=\"{&quot;background_background&quot;:&quot;classic&quot;}\">\t\t\t<div class=\"e-con-inner\">\r\n\t\t<div class=\"elementor-element elementor-element-8a40e24 e-con-full e-flex e-con e-child \" data-id=\"8a40e24\" data-element_type=\"container\" data-e-type=\"container\">\t\t<div class=\"elementor-element elementor-element-d99c5ee elementor-widget__width-inherit elementor-widget elementor-widget-heading\" data-id=\"d99c5ee\" data-element_type=\"widget\" data-e-type=\"widget\" data-widget_type=\"heading.default\">\n\t\t\t\t<div class=\"elementor-widget-container\">\n\t\t\t\t\t<h5 class=\"elementor-heading-title elementor-size-default\">Send X-ray<\/h5>\t\t\t\t<\/div>\n\t\t\t\t<\/div>\n\t\t\t\t<div class=\"elementor-element elementor-element-d535910 elementor-widget__width-inherit elementor-widget elementor-widget-heading\" data-id=\"d535910\" data-element_type=\"widget\" data-e-type=\"widget\" data-widget_type=\"heading.default\">\n\t\t\t\t<div class=\"elementor-widget-container\">\n\t\t\t\t\t<h3 class=\"elementor-heading-title elementor-size-default\">SHARE YOUR X-RAY AND PHOTOS<\/h3>\t\t\t\t<\/div>\n\t\t\t\t<\/div>\n\t\t\t\t<div class=\"elementor-element elementor-element-33edbc7 elementor-widget__width-inherit elementor-widget elementor-widget-pxl_text_editor\" data-id=\"33edbc7\" data-element_type=\"widget\" data-e-type=\"widget\" data-widget_type=\"pxl_text_editor.default\">\n\t\t\t\t<div class=\"elementor-widget-container\">\n\t\t\t\t\t<div class=\"pxl-text-editor\">\n\t<div class=\"pxl-item--inner  \" data-wow-delay=\"ms\">\n\t\t<p>You can share your X-ray for accurate diagnosis and treatment methods.<\/p>\t\t\n\t<\/div>\n<\/div>\t\t\t\t<\/div>\n\t\t\t\t<\/div>\n\t\t\t\t<div class=\"elementor-element elementor-element-9e0e1cf elementor-align-left elementor-widget__width-inherit elementor-widget elementor-widget-button\" data-id=\"9e0e1cf\" data-element_type=\"widget\" data-e-type=\"widget\" data-widget_type=\"button.default\">\n\t\t\t\t<div class=\"elementor-widget-container\">\n\t\t\t\t\t\t\t\t\t<div class=\"elementor-button-wrapper\">\n\t\t\t\t\t<a class=\"elementor-button elementor-button-link elementor-size-sm elementor-animation-float\" href=\"https:\/\/bddbogazicidis.com.tr\/en\/send-x-ray\/\">\n\t\t\t\t\t\t<span class=\"elementor-button-content-wrapper\">\n\t\t\t\t\t\t\t\t\t<span class=\"elementor-button-text\">SEND X-RAY \/ PHOTO NOW<\/span>\n\t\t\t\t\t<\/span>\n\t\t\t\t\t<\/a>\n\t\t\t\t<\/div>\n\t\t\t\t\t\t\t\t<\/div>\n\t\t\t\t<\/div>\n\t\t\t\t<\/div>\r\n\t\t\t\t\t<\/div>\r\n\t\t\t\t<\/div>\r\n\t\t\t\t<\/div>\n\t\t <\/div>\n\t\t\t\t\t\t<\/div>\n\t\t\t\t<\/div>\n\t\t\t\t<\/div>\r\n\t\t\t\t\t<\/div>\r\n\t\t\t\t<\/div>\r\n\t\t\t\t<\/div>\n\t\t","protected":false},"excerpt":{"rendered":"<p>Bank Accounts \u015eekerbank \u2013 \u00dcsk\u00fcdar Branch (124) USD Account Account No: 124015564 IBAN: TR21 0005 9012 4013 0124 0155 64 EUR Account Account No: 124016332 IBAN: TR43 0005 9012 4013 0124 0163 32 TRY Account Account No: 124012822 IBAN: TR44 0005 9012 4012 0124 0128 22<\/p>\n","protected":false},"author":1,"featured_media":0,"parent":0,"menu_order":61,"comment_status":"closed","ping_status":"closed","template":"","meta":{"footnotes":""},"class_list":["post-21430","page","type-page","status-publish","hentry"],"_links":{"self":[{"href":"https:\/\/bddbogazicidis.com.tr\/en\/wp-json\/wp\/v2\/pages\/21430","targetHints":{"allow":["GET"]}}],"collection":[{"href":"https:\/\/bddbogazicidis.com.tr\/en\/wp-json\/wp\/v2\/pages"}],"about":[{"href":"https:\/\/bddbogazicidis.com.tr\/en\/wp-json\/wp\/v2\/types\/page"}],"author":[{"embeddable":true,"href":"https:\/\/bddbogazicidis.com.tr\/en\/wp-json\/wp\/v2\/users\/1"}],"replies":[{"embeddable":true,"href":"https:\/\/bddbogazicidis.com.tr\/en\/wp-json\/wp\/v2\/comments?post=21430"}],"version-history":[{"count":0,"href":"https:\/\/bddbogazicidis.com.tr\/en\/wp-json\/wp\/v2\/pages\/21430\/revisions"}],"wp:attachment":[{"href":"https:\/\/bddbogazicidis.com.tr\/en\/wp-json\/wp\/v2\/media?parent=21430"}],"curies":[{"name":"wp","href":"https:\/\/api.w.org\/{rel}","templated":true}]}}